{"id":82,"date":"2020-06-03T20:55:10","date_gmt":"2020-06-03T17:55:10","guid":{"rendered":"https:\/\/globustarim.com.tr\/hakkimizda\/"},"modified":"2026-01-18T19:43:02","modified_gmt":"2026-01-18T16:43:02","slug":"hakkimizda","status":"publish","type":"page","link":"https:\/\/globustarim.com.tr\/index.php\/hakkimizda\/","title":{"rendered":"Hakk\u0131m\u0131zda"},"content":{"rendered":"<p><iframe loading=\"lazy\" title=\"YouTube video player\" src=\"https:\/\/www.youtube.com\/embed\/0IYFp4U4GvI?si=ZDxtazH4ksHbwGbE\" width=\"1024\" height=\"450\" frameborder=\"0\" allowfullscreen=\"allowfullscreen\"><span data-mce-type=\"bookmark\" style=\"display: inline-block; width: 0px; overflow: hidden; line-height: 0;\" class=\"mce_SELRES_start\">\ufeff<\/span><\/iframe><\/p>\r\n<p><img loading=\"lazy\" decoding=\"async\" class=\"size-full wp-image-718 alignleft\" src=\"https:\/\/globustarim.com.tr\/wp-content\/uploads\/2026\/01\/IMG_0636-scaled.jpeg\" alt=\"\" width=\"2560\" height=\"1920\" srcset=\"https:\/\/globustarim.com.tr\/wp-content\/uploads\/2026\/01\/IMG_0636-scaled.jpeg 2560w, https:\/\/globustarim.com.tr\/wp-content\/uploads\/2026\/01\/IMG_0636-300x225.jpeg 300w, https:\/\/globustarim.com.tr\/wp-content\/uploads\/2026\/01\/IMG_0636-1024x768.jpeg 1024w, https:\/\/globustarim.com.tr\/wp-content\/uploads\/2026\/01\/IMG_0636-768x576.jpeg 768w, https:\/\/globustarim.com.tr\/wp-content\/uploads\/2026\/01\/IMG_0636-1536x1152.jpeg 1536w, https:\/\/globustarim.com.tr\/wp-content\/uploads\/2026\/01\/IMG_0636-2048x1536.jpeg 2048w\" sizes=\"auto, (max-width: 2560px) 100vw, 2560px\" \/><\/p>\r\n<p>&nbsp;<\/p>\r\n<p>&nbsp;<\/p>\r\n\r\n\r\n\r\n<div class=\"wp-block-safirtema-mainheading singleHeading mainHeading\">\r\n<div class=\"inner\">\r\n<div class=\"icon safiricon\">\u00a0<\/div>\r\n<div class=\"text\"><strong>GLOBUS TARIM HAKKINDA\u00a0<\/strong><\/div>\r\n<\/div>\r\n<\/div>\r\n<p><span style=\"font-weight: 400;\">Globus Tar\u0131m \u00dcr\u00fcnleri Turizm San. ve Tic. Ltd. \u015eti., sekt\u00f6rel bilgi birikimi ve uzun y\u0131llara dayanan tecr\u00fcbenin \u0131\u015f\u0131\u011f\u0131nda 2016 y\u0131l\u0131nda kurulmu\u015ftur. Tar\u0131m sekt\u00f6r\u00fcnde kalite, g\u00fcvenilirlik ve s\u00fcrd\u00fcr\u00fclebilirlik ilkeleriyle faaliyet g\u00f6steren firmam\u0131z, merkezi Antalya olmak \u00fczere Akdeniz B\u00f6lgesi\u2019nde 6 \u015fube; Ege ve Marmara B\u00f6lgeleri\u2019nde ise Bursa ve Manisa \u015fubeleriyle geni\u015f bir operasyon a\u011f\u0131na sahiptir. Globus Tar\u0131m, g\u00fc\u00e7l\u00fc altyap\u0131s\u0131 ve profesyonel organizasyon yap\u0131s\u0131yla aktif ihracat ger\u00e7ekle\u015ftiren \u00f6nc\u00fc firmalar aras\u0131nda yer almaktad\u0131r.<\/span><\/p>\r\n<p><span style=\"font-weight: 400;\">Toplam 60.000 m\u00b2 kapal\u0131 ve a\u00e7\u0131k i\u015fletme alan\u0131na sahip olan firmam\u0131z b\u00fcnyesinde, \u00fcr\u00fcnlerin tazeli\u011fini ve kalitesini korumaya y\u00f6nelik 13 adet modern so\u011fuk hava deposu bulunmaktad\u0131r. Se\u00e7me ve paketleme s\u00fcre\u00e7lerinde ileri teknoloji ekipmanlar kullanan Globus Tar\u0131m, operasyonel verimlili\u011fi art\u0131r\u0131rken uluslararas\u0131 kalite standartlar\u0131na uygun \u00fcretim ger\u00e7ekle\u015ftirmektedir. Paketlemede kullan\u0131lan karton, kasa ve ambalaj \u00e7\u00f6z\u00fcmleri; \u00fcr\u00fcn g\u00fcvenli\u011fi, g\u00f6rsel b\u00fct\u00fcnl\u00fck ve m\u00fc\u015fteri beklentileri do\u011frultusunda titizlikle belirlenmektedir. Globus Tar\u0131m, \u00fcretimden paketlemeye, lojistikten sevkiyata kadar t\u00fcm s\u00fcre\u00e7leri entegre bir yap\u0131 i\u00e7erisinde y\u00f6netmektedir. Do\u011fru \u00fcr\u00fcn\u00fc, do\u011fru zamanda ve do\u011fru ko\u015fullarda m\u00fc\u015fterilerine ula\u015ft\u0131rmay\u0131 temel ilke edinen firmam\u0131z; s\u00fcrekli iyile\u015ftirme anlay\u0131\u015f\u0131yla altyap\u0131s\u0131n\u0131, teknolojisini ve hizmet kalitesini her ge\u00e7en g\u00fcn geli\u015ftirmektedir.\u00a0<\/span><\/p>\r\n<p><span style=\"font-weight: 400;\">Faaliyet alan\u0131m\u0131z kapsam\u0131nda;\u2028Sebze \u00fcr\u00fcnleri olarak domates ve \u00e7e\u015fitleri, salatal\u0131k, kabak ve \u00e7e\u015fitleri, patl\u0131can, karnabahar, biber ve \u00e7e\u015fitleri;\u2028Meyve \u00fcr\u00fcnleri olarak ayva, nektarin, \u015feftali, karpuz, kavun, \u00fcz\u00fcm ve \u00e7e\u015fitleri, incir, armut;\u2028bunun yan\u0131 s\u0131ra avokado, pitahaya ve benzeri egzotik \u00fcr\u00fcn gruplar\u0131nda da \u00fcretim ve tedarik faaliyetleri y\u00fcr\u00fct\u00fclmektedir. Globus Tar\u0131m, ba\u015fta Ukrayna olmak \u00fczere bir\u00e7ok \u00fclkeye ihracat ger\u00e7ekle\u015ftirmekte olup, ihracat hacminin \u00f6nemli bir b\u00f6l\u00fcm\u00fcn\u00fc Ukrayna ve Avrupa Birli\u011fi \u00fclkeleri olu\u015fturmaktad\u0131r. Uluslararas\u0131 pazarlardaki g\u00fc\u00e7l\u00fc i\u015f birlikleri sayesinde firmam\u0131z, global \u00f6l\u00e7ekte g\u00fcvenilir bir tedarik\u00e7i konumundad\u0131r. Firmam\u0131z\u0131n en \u00f6nemli g\u00fcc\u00fc, kuruldu\u011fu g\u00fcnden bu yana birlikte hareket etti\u011fi nitelikli ve deneyimli insan kayna\u011f\u0131d\u0131r. Y\u00fckleme, paketleme, sipari\u015f y\u00f6netimi, lojistik, g\u00fcmr\u00fckleme, faturaland\u0131rma ve finans s\u00fcre\u00e7lerinde g\u00f6rev alan profesyonel ekip, t\u00fcm operasyonlar\u0131 y\u00fcksek sorumluluk bilinciyle y\u00fcr\u00fctmektedir. Globus Tar\u0131m, ba\u015far\u0131n\u0131n ekip \u00e7al\u0131\u015fmas\u0131yla m\u00fcmk\u00fcn oldu\u011funa inanmakta ve bu anlay\u0131\u015fla b\u00fcy\u00fcmesini s\u00fcrd\u00fcrmektedir.<\/span><\/p>\r\n","protected":false},"excerpt":{"rendered":"<p>\ufeff &nbsp; &nbsp;<\/p>\n","protected":false},"author":1,"featured_media":0,"parent":0,"menu_order":0,"comment_status":"closed","ping_status":"closed","template":"","meta":{"footnotes":""},"class_list":["post-82","page","type-page","status-publish","hentry"],"aioseo_notices":[],"_links":{"self":[{"href":"https:\/\/globustarim.com.tr\/index.php\/wp-json\/wp\/v2\/pages\/82","targetHints":{"allow":["GET"]}}],"collection":[{"href":"https:\/\/globustarim.com.tr\/index.php\/wp-json\/wp\/v2\/pages"}],"about":[{"href":"https:\/\/globustarim.com.tr\/index.php\/wp-json\/wp\/v2\/types\/page"}],"author":[{"embeddable":true,"href":"https:\/\/globustarim.com.tr\/index.php\/wp-json\/wp\/v2\/users\/1"}],"replies":[{"embeddable":true,"href":"https:\/\/globustarim.com.tr\/index.php\/wp-json\/wp\/v2\/comments?post=82"}],"version-history":[{"count":23,"href":"https:\/\/globustarim.com.tr\/index.php\/wp-json\/wp\/v2\/pages\/82\/revisions"}],"predecessor-version":[{"id":735,"href":"https:\/\/globustarim.com.tr\/index.php\/wp-json\/wp\/v2\/pages\/82\/revisions\/735"}],"wp:attachment":[{"href":"https:\/\/globustarim.com.tr\/index.php\/wp-json\/wp\/v2\/media?parent=82"}],"curies":[{"name":"wp","href":"https:\/\/api.w.org\/{rel}","templated":true}]}}